{"id":186,"date":"2024-05-22T09:42:45","date_gmt":"2024-05-22T09:42:45","guid":{"rendered":"https:\/\/25a3befe.cfolks.pl\/?page_id=186"},"modified":"2024-05-22T19:34:44","modified_gmt":"2024-05-22T19:34:44","slug":"uslugi","status":"publish","type":"page","link":"https:\/\/meblekrol.pl\/index.php\/uslugi\/","title":{"rendered":"US\u0141UGI"},"content":{"rendered":"\t\t<div data-elementor-type=\"wp-page\" data-elementor-id=\"186\" class=\"elementor elementor-186\">\n\t\t\t\t<div class=\"elementor-element elementor-element-bd4ed38 e-flex e-con-boxed e-con e-parent\" data-id=\"bd4ed38\" data-element_type=\"container\">\n\t\t\t\t\t<div class=\"e-con-inner\">\n\t\t\t\t<div class=\"elementor-element elementor-element-14dfe27 elementor-widget elementor-widget-animated-headline\" data-id=\"14dfe27\" data-element_type=\"widget\" data-widget_type=\"animated-headline.default\">\n\t\t\t\t<div class=\"elementor-widget-container\">\n\t\t\t \t\t<\/div>\n\t\t\t\t<\/div>\n\t\t\t\t\t<\/div>\n\t\t\t\t<\/div>\n\t\t<div class=\"elementor-element elementor-element-7790e9e e-flex e-con-boxed e-con e-parent\" data-id=\"7790e9e\" data-element_type=\"container\">\n\t\t\t\t\t<div class=\"e-con-inner\">\n\t\t<div class=\"elementor-element elementor-element-d82b679 e-con-full e-flex e-con e-child\" data-id=\"d82b679\" data-element_type=\"container\">\n\t\t\t\t<div class=\"elementor-element elementor-element-5e71058 elementor-widget elementor-widget-image\" data-id=\"5e71058\" data-element_type=\"widget\" data-widget_type=\"image.default\">\n\t\t\t\t<div class=\"elementor-widget-container\">\n\t\t\t<style>\/*! elementor - v3.21.0 - 22-05-2024 *\/\n.elementor-widget-image{text-align:center}.elementor-widget-image a{display:inline-block}.elementor-widget-image a img[src$=\".svg\"]{width:48px}.elementor-widget-image img{vertical-align:middle;display:inline-block}<\/style>\t\t\t\t\t\t\t\t\t\t<img fetchpriority=\"high\" decoding=\"async\" width=\"600\" height=\"271\" src=\"https:\/\/meblekrol.pl\/wp-content\/uploads\/2024\/05\/1-renowacja-mebli.jpg\" class=\"attachment-large size-large wp-image-197\" alt=\"\" srcset=\"https:\/\/meblekrol.pl\/wp-content\/uploads\/2024\/05\/1-renowacja-mebli.jpg 600w, https:\/\/meblekrol.pl\/wp-content\/uploads\/2024\/05\/1-renowacja-mebli-300x136.jpg 300w\" sizes=\"(max-width: 600px) 100vw, 600px\" \/>\t\t\t\t\t\t\t\t\t\t\t\t\t<\/div>\n\t\t\t\t<\/div>\n\t\t\t\t<\/div>\n\t\t<div class=\"elementor-element elementor-element-72c495b e-con-full e-flex e-con e-child\" data-id=\"72c495b\" data-element_type=\"container\">\n\t\t\t\t<div class=\"elementor-element elementor-element-307fe21 elementor-widget elementor-widget-text-editor\" data-id=\"307fe21\" data-element_type=\"widget\" data-widget_type=\"text-editor.default\">\n\t\t\t\t<div class=\"elementor-widget-container\">\n\t\t\t<style>\/*! elementor - v3.21.0 - 22-05-2024 *\/\n.elementor-widget-text-editor.elementor-drop-cap-view-stacked .elementor-drop-cap{background-color:#69727d;color:#fff}.elementor-widget-text-editor.elementor-drop-cap-view-framed .elementor-drop-cap{color:#69727d;border:3px solid;background-color:transparent}.elementor-widget-text-editor:not(.elementor-drop-cap-view-default) .elementor-drop-cap{margin-top:8px}.elementor-widget-text-editor:not(.elementor-drop-cap-view-default) .elementor-drop-cap-letter{width:1em;height:1em}.elementor-widget-text-editor .elementor-drop-cap{float:left;text-align:center;line-height:1;font-size:50px}.elementor-widget-text-editor .elementor-drop-cap-letter{display:inline-block}<\/style>\t\t\t\t<ul><li><h3>Renowacje mebli tapicerowanych wsp\u00f3\u0142czesnych, antyk\u00f3w, materacy, kozetek szpitalnych<\/h3><\/li><\/ul>\t\t\t\t\t\t<\/div>\n\t\t\t\t<\/div>\n\t\t\t\t<\/div>\n\t\t\t\t\t<\/div>\n\t\t\t\t<\/div>\n\t\t<div class=\"elementor-element elementor-element-e19c515 e-flex e-con-boxed e-con e-parent\" data-id=\"e19c515\" data-element_type=\"container\">\n\t\t\t\t\t<div class=\"e-con-inner\">\n\t\t<div class=\"elementor-element elementor-element-68f5150 e-con-full e-flex e-con e-child\" data-id=\"68f5150\" data-element_type=\"container\">\n\t\t\t\t<div class=\"elementor-element elementor-element-da1b7a1 elementor-widget elementor-widget-image\" data-id=\"da1b7a1\" data-element_type=\"widget\" data-widget_type=\"image.default\">\n\t\t\t\t<div class=\"elementor-widget-container\">\n\t\t\t\t\t\t\t\t\t\t\t\t\t<img decoding=\"async\" width=\"600\" height=\"271\" src=\"https:\/\/meblekrol.pl\/wp-content\/uploads\/2024\/05\/2-odnawianie-mebli-gastronomicznych-a.jpg\" class=\"attachment-large size-large wp-image-204\" alt=\"\" srcset=\"https:\/\/meblekrol.pl\/wp-content\/uploads\/2024\/05\/2-odnawianie-mebli-gastronomicznych-a.jpg 600w, https:\/\/meblekrol.pl\/wp-content\/uploads\/2024\/05\/2-odnawianie-mebli-gastronomicznych-a-300x136.jpg 300w\" sizes=\"(max-width: 600px) 100vw, 600px\" \/>\t\t\t\t\t\t\t\t\t\t\t\t\t<\/div>\n\t\t\t\t<\/div>\n\t\t\t\t<\/div>\n\t\t<div class=\"elementor-element elementor-element-f63940f e-con-full e-flex e-con e-child\" data-id=\"f63940f\" data-element_type=\"container\">\n\t\t\t\t<div class=\"elementor-element elementor-element-62df81f elementor-widget elementor-widget-text-editor\" data-id=\"62df81f\" data-element_type=\"widget\" data-widget_type=\"text-editor.default\">\n\t\t\t\t<div class=\"elementor-widget-container\">\n\t\t\t\t\t\t\t<ul><li><h3>Odnawianie mebli gastronomicznych, restauracyjnych, hotelowych, sal konferencyjnych<\/h3><\/li><\/ul>\t\t\t\t\t\t<\/div>\n\t\t\t\t<\/div>\n\t\t\t\t<\/div>\n\t\t\t\t\t<\/div>\n\t\t\t\t<\/div>\n\t\t<div class=\"elementor-element elementor-element-bfd1e38 e-flex e-con-boxed e-con e-parent\" data-id=\"bfd1e38\" data-element_type=\"container\">\n\t\t\t\t\t<div class=\"e-con-inner\">\n\t\t<div class=\"elementor-element elementor-element-eccc24c e-con-full e-flex e-con e-child\" data-id=\"eccc24c\" data-element_type=\"container\">\n\t\t\t\t<div class=\"elementor-element elementor-element-3c21a29 elementor-widget elementor-widget-image\" data-id=\"3c21a29\" data-element_type=\"widget\" data-widget_type=\"image.default\">\n\t\t\t\t<div class=\"elementor-widget-container\">\n\t\t\t\t\t\t\t\t\t\t\t\t\t<img decoding=\"async\" width=\"600\" height=\"271\" src=\"https:\/\/meblekrol.pl\/wp-content\/uploads\/2024\/05\/3-zmiana-tapicerki-foteli-fryzjerskich.jpg\" class=\"attachment-large size-large wp-image-199\" alt=\"\" srcset=\"https:\/\/meblekrol.pl\/wp-content\/uploads\/2024\/05\/3-zmiana-tapicerki-foteli-fryzjerskich.jpg 600w, https:\/\/meblekrol.pl\/wp-content\/uploads\/2024\/05\/3-zmiana-tapicerki-foteli-fryzjerskich-300x136.jpg 300w\" sizes=\"(max-width: 600px) 100vw, 600px\" \/>\t\t\t\t\t\t\t\t\t\t\t\t\t<\/div>\n\t\t\t\t<\/div>\n\t\t\t\t<\/div>\n\t\t<div class=\"elementor-element elementor-element-55b37b5 e-con-full e-flex e-con e-child\" data-id=\"55b37b5\" data-element_type=\"container\">\n\t\t\t\t<div class=\"elementor-element elementor-element-4666b9d elementor-widget elementor-widget-text-editor\" data-id=\"4666b9d\" data-element_type=\"widget\" data-widget_type=\"text-editor.default\">\n\t\t\t\t<div class=\"elementor-widget-container\">\n\t\t\t\t\t\t\t<ul><li><h3>Zmiana tapicerki foteli fryzjerskich, urz\u0105dze\u0144 w si\u0142owniach, gabinetach stomatologicznych<\/h3><\/li><\/ul>\t\t\t\t\t\t<\/div>\n\t\t\t\t<\/div>\n\t\t\t\t<\/div>\n\t\t\t\t\t<\/div>\n\t\t\t\t<\/div>\n\t\t<div class=\"elementor-element elementor-element-daca73f e-flex e-con-boxed e-con e-parent\" data-id=\"daca73f\" data-element_type=\"container\">\n\t\t\t\t\t<div class=\"e-con-inner\">\n\t\t<div class=\"elementor-element elementor-element-dba2c0f e-con-full e-flex e-con e-child\" data-id=\"dba2c0f\" data-element_type=\"container\">\n\t\t\t\t<div class=\"elementor-element elementor-element-08f5c39 elementor-widget elementor-widget-image\" data-id=\"08f5c39\" data-element_type=\"widget\" data-widget_type=\"image.default\">\n\t\t\t\t<div class=\"elementor-widget-container\">\n\t\t\t\t\t\t\t\t\t\t\t\t\t<img loading=\"lazy\" decoding=\"async\" width=\"600\" height=\"271\" src=\"https:\/\/meblekrol.pl\/wp-content\/uploads\/2024\/05\/4-naprawa-stolarki.jpg\" class=\"attachment-large size-large wp-image-200\" alt=\"\" srcset=\"https:\/\/meblekrol.pl\/wp-content\/uploads\/2024\/05\/4-naprawa-stolarki.jpg 600w, https:\/\/meblekrol.pl\/wp-content\/uploads\/2024\/05\/4-naprawa-stolarki-300x136.jpg 300w\" sizes=\"(max-width: 600px) 100vw, 600px\" \/>\t\t\t\t\t\t\t\t\t\t\t\t\t<\/div>\n\t\t\t\t<\/div>\n\t\t\t\t<\/div>\n\t\t<div class=\"elementor-element elementor-element-3b21027 e-con-full e-flex e-con e-child\" data-id=\"3b21027\" data-element_type=\"container\">\n\t\t\t\t<div class=\"elementor-element elementor-element-edaa081 elementor-widget elementor-widget-text-editor\" data-id=\"edaa081\" data-element_type=\"widget\" data-widget_type=\"text-editor.default\">\n\t\t\t\t<div class=\"elementor-widget-container\">\n\t\t\t\t\t\t\t<ul><li><h3>Naprawa stolarki, lakierowanie, klejenie, ubytki drewna<\/h3><\/li><\/ul>\t\t\t\t\t\t<\/div>\n\t\t\t\t<\/div>\n\t\t\t\t<\/div>\n\t\t\t\t\t<\/div>\n\t\t\t\t<\/div>\n\t\t<div class=\"elementor-element elementor-element-87523d1 e-flex e-con-boxed e-con e-parent\" data-id=\"87523d1\" data-element_type=\"container\">\n\t\t\t\t\t<div class=\"e-con-inner\">\n\t\t<div class=\"elementor-element elementor-element-3cd6206 e-con-full e-flex e-con e-child\" data-id=\"3cd6206\" data-element_type=\"container\">\n\t\t\t\t<div class=\"elementor-element elementor-element-6933b38 elementor-widget elementor-widget-image\" data-id=\"6933b38\" data-element_type=\"widget\" data-widget_type=\"image.default\">\n\t\t\t\t<div class=\"elementor-widget-container\">\n\t\t\t\t\t\t\t\t\t\t\t\t\t<img loading=\"lazy\" decoding=\"async\" width=\"600\" height=\"271\" src=\"https:\/\/meblekrol.pl\/wp-content\/uploads\/2024\/05\/5-wymiana-pianki.jpg\" class=\"attachment-large size-large wp-image-201\" alt=\"\" srcset=\"https:\/\/meblekrol.pl\/wp-content\/uploads\/2024\/05\/5-wymiana-pianki.jpg 600w, https:\/\/meblekrol.pl\/wp-content\/uploads\/2024\/05\/5-wymiana-pianki-300x136.jpg 300w\" sizes=\"(max-width: 600px) 100vw, 600px\" \/>\t\t\t\t\t\t\t\t\t\t\t\t\t<\/div>\n\t\t\t\t<\/div>\n\t\t\t\t<\/div>\n\t\t<div class=\"elementor-element elementor-element-b5959c1 e-con-full e-flex e-con e-child\" data-id=\"b5959c1\" data-element_type=\"container\">\n\t\t\t\t<div class=\"elementor-element elementor-element-abce104 elementor-widget elementor-widget-text-editor\" data-id=\"abce104\" data-element_type=\"widget\" data-widget_type=\"text-editor.default\">\n\t\t\t\t<div class=\"elementor-widget-container\">\n\t\t\t\t\t\t\t<ul><li><h3>Wymiana: pianki, spr\u0119\u017cyn, automat\u00f3w<\/h3><\/li><\/ul>\t\t\t\t\t\t<\/div>\n\t\t\t\t<\/div>\n\t\t\t\t<\/div>\n\t\t\t\t\t<\/div>\n\t\t\t\t<\/div>\n\t\t<div class=\"elementor-element elementor-element-2eeb937 e-flex e-con-boxed e-con e-parent\" data-id=\"2eeb937\" data-element_type=\"container\">\n\t\t\t\t\t<div class=\"e-con-inner\">\n\t\t<div class=\"elementor-element elementor-element-3cedccf e-con-full e-flex e-con e-child\" data-id=\"3cedccf\" data-element_type=\"container\">\n\t\t\t\t<div class=\"elementor-element elementor-element-9f9f61e elementor-widget elementor-widget-image\" data-id=\"9f9f61e\" data-element_type=\"widget\" data-widget_type=\"image.default\">\n\t\t\t\t<div class=\"elementor-widget-container\">\n\t\t\t\t\t\t\t\t\t\t\t\t\t<img loading=\"lazy\" decoding=\"async\" width=\"600\" height=\"271\" src=\"https:\/\/meblekrol.pl\/wp-content\/uploads\/2024\/05\/6-transport-mebli.jpg\" class=\"attachment-large size-large wp-image-202\" alt=\"\" srcset=\"https:\/\/meblekrol.pl\/wp-content\/uploads\/2024\/05\/6-transport-mebli.jpg 600w, https:\/\/meblekrol.pl\/wp-content\/uploads\/2024\/05\/6-transport-mebli-300x136.jpg 300w\" sizes=\"(max-width: 600px) 100vw, 600px\" \/>\t\t\t\t\t\t\t\t\t\t\t\t\t<\/div>\n\t\t\t\t<\/div>\n\t\t\t\t<\/div>\n\t\t<div class=\"elementor-element elementor-element-50b1d68 e-con-full e-flex e-con e-child\" data-id=\"50b1d68\" data-element_type=\"container\">\n\t\t\t\t<div class=\"elementor-element elementor-element-3456a6b elementor-widget elementor-widget-text-editor\" data-id=\"3456a6b\" data-element_type=\"widget\" data-widget_type=\"text-editor.default\">\n\t\t\t\t<div class=\"elementor-widget-container\">\n\t\t\t\t\t\t\t<ul><li><h3>Transport mebli z domu Klienta<\/h3><\/li><\/ul>\t\t\t\t\t\t<\/div>\n\t\t\t\t<\/div>\n\t\t\t\t<\/div>\n\t\t\t\t\t<\/div>\n\t\t\t\t<\/div>\n\t\t<div class=\"elementor-element elementor-element-526f5e9 e-flex e-con-boxed e-con e-parent\" data-id=\"526f5e9\" data-element_type=\"container\">\n\t\t\t\t\t<div class=\"e-con-inner\">\n\t\t<div class=\"elementor-element elementor-element-458d6e7 e-con-full e-flex e-con e-child\" data-id=\"458d6e7\" data-element_type=\"container\">\n\t\t\t\t<div class=\"elementor-element elementor-element-1746551 elementor-widget elementor-widget-image\" data-id=\"1746551\" data-element_type=\"widget\" data-widget_type=\"image.default\">\n\t\t\t\t<div class=\"elementor-widget-container\">\n\t\t\t\t\t\t\t\t\t\t\t\t\t<img loading=\"lazy\" decoding=\"async\" width=\"600\" height=\"271\" src=\"https:\/\/meblekrol.pl\/wp-content\/uploads\/2024\/05\/7-duzy-wybor-tkanin.jpg\" class=\"attachment-large size-large wp-image-203\" alt=\"\" srcset=\"https:\/\/meblekrol.pl\/wp-content\/uploads\/2024\/05\/7-duzy-wybor-tkanin.jpg 600w, https:\/\/meblekrol.pl\/wp-content\/uploads\/2024\/05\/7-duzy-wybor-tkanin-300x136.jpg 300w\" sizes=\"(max-width: 600px) 100vw, 600px\" \/>\t\t\t\t\t\t\t\t\t\t\t\t\t<\/div>\n\t\t\t\t<\/div>\n\t\t\t\t<\/div>\n\t\t<div class=\"elementor-element elementor-element-eca3adf e-con-full e-flex e-con e-child\" data-id=\"eca3adf\" data-element_type=\"container\">\n\t\t\t\t<div class=\"elementor-element elementor-element-9651be7 elementor-widget elementor-widget-text-editor\" data-id=\"9651be7\" data-element_type=\"widget\" data-widget_type=\"text-editor.default\">\n\t\t\t\t<div class=\"elementor-widget-container\">\n\t\t\t\t\t\t\t<ul><li><h3>Du\u017cy wyb\u00f3r tkanin obiciowych\/skaju\/sk\u00f3r naturalnych meblowych i samochodowych<\/h3><\/li><\/ul>\t\t\t\t\t\t<\/div>\n\t\t\t\t<\/div>\n\t\t\t\t<\/div>\n\t\t\t\t\t<\/div>\n\t\t\t\t<\/div>\n\t\t\t\t<\/div>\n\t\t","protected":false},"excerpt":{"rendered":"<p>Poznaj nasze Us\u0142ugi Renowacje mebli tapicerowanych wsp\u00f3\u0142czesnych, antyk\u00f3w, materacy, kozetek szpitalnych Odnawianie mebli gastronomicznych, restauracyjnych, [&hellip;]<\/p>\n","protected":false},"author":1,"featured_media":209,"parent":0,"menu_order":0,"comment_status":"closed","ping_status":"closed","template":"","meta":{"footnotes":""},"_links":{"self":[{"href":"https:\/\/meblekrol.pl\/index.php\/wp-json\/wp\/v2\/pages\/186"}],"collection":[{"href":"https:\/\/meblekrol.pl\/index.php\/wp-json\/wp\/v2\/pages"}],"about":[{"href":"https:\/\/meblekrol.pl\/index.php\/wp-json\/wp\/v2\/types\/page"}],"author":[{"embeddable":true,"href":"https:\/\/meblekrol.pl\/index.php\/wp-json\/wp\/v2\/users\/1"}],"replies":[{"embeddable":true,"href":"https:\/\/meblekrol.pl\/index.php\/wp-json\/wp\/v2\/comments?post=186"}],"version-history":[{"count":13,"href":"https:\/\/meblekrol.pl\/index.php\/wp-json\/wp\/v2\/pages\/186\/revisions"}],"predecessor-version":[{"id":213,"href":"https:\/\/meblekrol.pl\/index.php\/wp-json\/wp\/v2\/pages\/186\/revisions\/213"}],"wp:featuredmedia":[{"embeddable":true,"href":"https:\/\/meblekrol.pl\/index.php\/wp-json\/wp\/v2\/media\/209"}],"wp:attachment":[{"href":"https:\/\/meblekrol.pl\/index.php\/wp-json\/wp\/v2\/media?parent=186"}],"curies":[{"name":"wp","href":"https:\/\/api.w.org\/{rel}","templated":true}]}}