{"id":276,"date":"2024-05-22T19:48:33","date_gmt":"2024-05-22T19:48:33","guid":{"rendered":"https:\/\/25a3befe.cfolks.pl\/?page_id=276"},"modified":"2024-05-22T20:43:06","modified_gmt":"2024-05-22T20:43:06","slug":"jak-dojechac","status":"publish","type":"page","link":"https:\/\/meblekrol.pl\/index.php\/jak-dojechac\/","title":{"rendered":"JAK DOJECHA\u0106"},"content":{"rendered":"\t\t<div data-elementor-type=\"wp-page\" data-elementor-id=\"276\" class=\"elementor elementor-276\">\n\t\t\t\t<div class=\"elementor-element elementor-element-773dc82 e-flex e-con-boxed e-con e-parent\" data-id=\"773dc82\" data-element_type=\"container\">\n\t\t\t\t\t<div class=\"e-con-inner\">\n\t\t\t\t<div class=\"elementor-element elementor-element-4689435 elementor-widget elementor-widget-google_maps\" data-id=\"4689435\" data-element_type=\"widget\" data-widget_type=\"google_maps.default\">\n\t\t\t\t<div class=\"elementor-widget-container\">\n\t\t\t<style>\/*! elementor - v3.21.0 - 22-05-2024 *\/\n.elementor-widget-google_maps .elementor-widget-container{overflow:hidden}.elementor-widget-google_maps .elementor-custom-embed{line-height:0}.elementor-widget-google_maps iframe{height:300px}<\/style>\t\t<div class=\"elementor-custom-embed\">\n\t\t\t<iframe loading=\"lazy\"\n\t\t\t\t\tsrc=\"https:\/\/maps.google.com\/maps?q=Ludwika%20Musio%C5%82a%205%2C%2043-200%20Pszczyna&#038;t=m&#038;z=15&#038;output=embed&#038;iwloc=near\"\n\t\t\t\t\ttitle=\"Ludwika Musio\u0142a 5, 43-200 Pszczyna\"\n\t\t\t\t\taria-label=\"Ludwika Musio\u0142a 5, 43-200 Pszczyna\"\n\t\t\t><\/iframe>\n\t\t<\/div>\n\t\t\t\t<\/div>\n\t\t\t\t<\/div>\n\t\t\t\t\t<\/div>\n\t\t\t\t<\/div>\n\t\t<div class=\"elementor-element elementor-element-4e2274d e-flex e-con-boxed e-con e-parent\" data-id=\"4e2274d\" data-element_type=\"container\">\n\t\t\t\t\t<div class=\"e-con-inner\">\n\t\t<div class=\"elementor-element elementor-element-775103b e-con-full e-flex e-con e-child\" data-id=\"775103b\" data-element_type=\"container\">\n\t\t\t\t<div class=\"elementor-element elementor-element-b7a60c2 elementor-widget elementor-widget-image\" data-id=\"b7a60c2\" data-element_type=\"widget\" data-widget_type=\"image.default\">\n\t\t\t\t<div class=\"elementor-widget-container\">\n\t\t\t<style>\/*! elementor - v3.21.0 - 22-05-2024 *\/\n.elementor-widget-image{text-align:center}.elementor-widget-image a{display:inline-block}.elementor-widget-image a img[src$=\".svg\"]{width:48px}.elementor-widget-image img{vertical-align:middle;display:inline-block}<\/style>\t\t\t\t\t\t\t\t\t\t<img fetchpriority=\"high\" decoding=\"async\" width=\"650\" height=\"480\" src=\"https:\/\/meblekrol.pl\/wp-content\/uploads\/2024\/05\/warstat-Maly.jpg\" class=\"attachment-medium_large size-medium_large wp-image-292\" alt=\"\" srcset=\"https:\/\/meblekrol.pl\/wp-content\/uploads\/2024\/05\/warstat-Maly.jpg 650w, https:\/\/meblekrol.pl\/wp-content\/uploads\/2024\/05\/warstat-Maly-300x222.jpg 300w\" sizes=\"(max-width: 650px) 100vw, 650px\" \/>\t\t\t\t\t\t\t\t\t\t\t\t\t<\/div>\n\t\t\t\t<\/div>\n\t\t\t\t<\/div>\n\t\t<div class=\"elementor-element elementor-element-81cc517 e-con-full e-flex e-con e-child\" data-id=\"81cc517\" data-element_type=\"container\">\n\t\t\t\t<div class=\"elementor-element elementor-element-7c9ec50 elementor-widget elementor-widget-image\" data-id=\"7c9ec50\" data-element_type=\"widget\" data-widget_type=\"image.default\">\n\t\t\t\t<div class=\"elementor-widget-container\">\n\t\t\t\t\t\t\t\t\t\t\t\t\t<img decoding=\"async\" width=\"300\" height=\"300\" src=\"https:\/\/meblekrol.pl\/wp-content\/uploads\/2024\/05\/Logotyp-300x300.png\" class=\"attachment-medium size-medium wp-image-37\" alt=\"\" srcset=\"https:\/\/meblekrol.pl\/wp-content\/uploads\/2024\/05\/Logotyp-300x300.png 300w, https:\/\/meblekrol.pl\/wp-content\/uploads\/2024\/05\/Logotyp-150x150.png 150w, https:\/\/meblekrol.pl\/wp-content\/uploads\/2024\/05\/Logotyp-768x768.png 768w, https:\/\/meblekrol.pl\/wp-content\/uploads\/2024\/05\/elementor\/thumbs\/Logotyp-qofrfo8qjkd3bz3l0jxcgscvq8t2lypjg9ppkp0ma8.png 200w, https:\/\/meblekrol.pl\/wp-content\/uploads\/2024\/05\/elementor\/thumbs\/Logotyp-qofrfo8r5hrb4z6g80cxits28wwvxubee60ane98as.png 250w, https:\/\/meblekrol.pl\/wp-content\/uploads\/2024\/05\/elementor\/thumbs\/Logotyp-qofrfo8re9ilgkt73sj5y1jqgdr7o6yjkixbvocob0.png 270w, https:\/\/meblekrol.pl\/wp-content\/uploads\/2024\/05\/Logotyp.png 850w\" sizes=\"(max-width: 300px) 100vw, 300px\" \/>\t\t\t\t\t\t\t\t\t\t\t\t\t<\/div>\n\t\t\t\t<\/div>\n\t\t\t\t<div class=\"elementor-element elementor-element-a1ea22a elementor-widget elementor-widget-text-editor\" data-id=\"a1ea22a\" data-element_type=\"widget\" data-widget_type=\"text-editor.default\">\n\t\t\t\t<div class=\"elementor-widget-container\">\n\t\t\t<style>\/*! elementor - v3.21.0 - 22-05-2024 *\/\n.elementor-widget-text-editor.elementor-drop-cap-view-stacked .elementor-drop-cap{background-color:#69727d;color:#fff}.elementor-widget-text-editor.elementor-drop-cap-view-framed .elementor-drop-cap{color:#69727d;border:3px solid;background-color:transparent}.elementor-widget-text-editor:not(.elementor-drop-cap-view-default) .elementor-drop-cap{margin-top:8px}.elementor-widget-text-editor:not(.elementor-drop-cap-view-default) .elementor-drop-cap-letter{width:1em;height:1em}.elementor-widget-text-editor .elementor-drop-cap{float:left;text-align:center;line-height:1;font-size:50px}.elementor-widget-text-editor .elementor-drop-cap-letter{display:inline-block}<\/style>\t\t\t\t<h3 style=\"font-size: var(--wp--custom--typography--font-size--heading-three);\"><strong>PRACOWNIA TAPICERSKA<\/strong><\/h3><p style=\"font-size: var(--wp--preset--font-size--small);\">43-200 Pszczyna,\u00a0<br \/><span style=\"color: var(--wp--preset--color--foreground); font-size: var(--wp--preset--font-size--small); font-family: var( --e-global-typography-text-font-family ), Sans-serif; font-weight: var( --e-global-typography-text-font-weight );\">ul. Ludwika Musio\u0142a 5 (o\u015b. Powsta\u0144c\u00f3w \u015al\u0105skich)<\/span><\/p>\t\t\t\t\t\t<\/div>\n\t\t\t\t<\/div>\n\t\t\t\t<\/div>\n\t\t<div class=\"elementor-element elementor-element-d0d2824 e-con-full e-flex e-con e-child\" data-id=\"d0d2824\" data-element_type=\"container\">\n\t\t<div class=\"elementor-element elementor-element-4c87f01 e-con-full e-flex e-con e-child\" data-id=\"4c87f01\" data-element_type=\"container\">\n\t\t\t\t<div class=\"elementor-element elementor-element-a59549b elementor-widget elementor-widget-heading\" data-id=\"a59549b\" data-element_type=\"widget\" data-widget_type=\"heading.default\">\n\t\t\t\t<div class=\"elementor-widget-container\">\n\t\t\t<style>\/*! elementor - v3.21.0 - 22-05-2024 *\/\n.elementor-heading-title{padding:0;margin:0;line-height:1}.elementor-widget-heading .elementor-heading-title[class*=elementor-size-]>a{color:inherit;font-size:inherit;line-height:inherit}.elementor-widget-heading .elementor-heading-title.elementor-size-small{font-size:15px}.elementor-widget-heading .elementor-heading-title.elementor-size-medium{font-size:19px}.elementor-widget-heading .elementor-heading-title.elementor-size-large{font-size:29px}.elementor-widget-heading .elementor-heading-title.elementor-size-xl{font-size:39px}.elementor-widget-heading .elementor-heading-title.elementor-size-xxl{font-size:59px}<\/style><h2 class=\"elementor-heading-title elementor-size-default\">ZAPRASZAM !<\/h2>\t\t<\/div>\n\t\t\t\t<\/div>\n\t\t\t\t<\/div>\n\t\t\t\t<\/div>\n\t\t<div class=\"elementor-element elementor-element-1f14bff e-con-full e-flex e-con e-child\" data-id=\"1f14bff\" data-element_type=\"container\">\n\t\t\t\t<div class=\"elementor-element elementor-element-4727b7e elementor-widget elementor-widget-text-editor\" data-id=\"4727b7e\" data-element_type=\"widget\" data-widget_type=\"text-editor.default\">\n\t\t\t\t<div class=\"elementor-widget-container\">\n\t\t\t\t\t\t\t<p>Warsztat czynny od <b>poniedzia\u0142ku do pi\u0105tku<\/b><\/p>\n<p>w godzinach <b>8:00 &#8211; 16:00<\/b><\/p>\n<p><b>Czynne r\u00f3wnie\u017c po uzgodnieniu telefonicznym<\/b><\/p>\t\t\t\t\t\t<\/div>\n\t\t\t\t<\/div>\n\t\t\t\t<\/div>\n\t\t\t\t\t<\/div>\n\t\t\t\t<\/div>\n\t\t\t\t<\/div>\n\t\t","protected":false},"excerpt":{"rendered":"<p>PRACOWNIA TAPICERSKA 43-200 Pszczyna,\u00a0ul. Ludwika Musio\u0142a 5 (o\u015b. Powsta\u0144c\u00f3w \u015al\u0105skich) ZAPRASZAM ! Warsztat czynny od [&hellip;]<\/p>\n","protected":false},"author":1,"featured_media":0,"parent":0,"menu_order":0,"comment_status":"closed","ping_status":"closed","template":"","meta":{"footnotes":""},"_links":{"self":[{"href":"https:\/\/meblekrol.pl\/index.php\/wp-json\/wp\/v2\/pages\/276"}],"collection":[{"href":"https:\/\/meblekrol.pl\/index.php\/wp-json\/wp\/v2\/pages"}],"about":[{"href":"https:\/\/meblekrol.pl\/index.php\/wp-json\/wp\/v2\/types\/page"}],"author":[{"embeddable":true,"href":"https:\/\/meblekrol.pl\/index.php\/wp-json\/wp\/v2\/users\/1"}],"replies":[{"embeddable":true,"href":"https:\/\/meblekrol.pl\/index.php\/wp-json\/wp\/v2\/comments?post=276"}],"version-history":[{"count":43,"href":"https:\/\/meblekrol.pl\/index.php\/wp-json\/wp\/v2\/pages\/276\/revisions"}],"predecessor-version":[{"id":428,"href":"https:\/\/meblekrol.pl\/index.php\/wp-json\/wp\/v2\/pages\/276\/revisions\/428"}],"wp:attachment":[{"href":"https:\/\/meblekrol.pl\/index.php\/wp-json\/wp\/v2\/media?parent=276"}],"curies":[{"name":"wp","href":"https:\/\/api.w.org\/{rel}","templated":true}]}}